{"id":27,"date":"2020-02-25T13:25:16","date_gmt":"2020-02-25T13:25:16","guid":{"rendered":"https:\/\/noored.elva.ee\/?page_id=27"},"modified":"2022-07-19T08:55:34","modified_gmt":"2022-07-19T05:55:34","slug":"elva-noortekeskus","status":"publish","type":"page","link":"https:\/\/noored.elva.ee\/?page_id=27","title":{"rendered":"Elva Avatud Noortekeskus"},"content":{"rendered":"\n<p>Tegemised noortekeskuses:<\/p>\n\n\n\n<figure class=\"wp-block-image size-large\"><img loading=\"lazy\" decoding=\"async\" width=\"720\" height=\"1024\" src=\"https:\/\/noored.elva.ee\/wp-content\/uploads\/2022\/01\/271389288_1088084852013188_4417948841018769090_n-720x1024.jpg\" alt=\"\" class=\"wp-image-1292\" srcset=\"https:\/\/noored.elva.ee\/wp-content\/uploads\/2022\/01\/271389288_1088084852013188_4417948841018769090_n-720x1024.jpg 720w, https:\/\/noored.elva.ee\/wp-content\/uploads\/2022\/01\/271389288_1088084852013188_4417948841018769090_n-211x300.jpg 211w, https:\/\/noored.elva.ee\/wp-content\/uploads\/2022\/01\/271389288_1088084852013188_4417948841018769090_n-768x1092.jpg 768w, https:\/\/noored.elva.ee\/wp-content\/uploads\/2022\/01\/271389288_1088084852013188_4417948841018769090_n-1081x1536.jpg 1081w, https:\/\/noored.elva.ee\/wp-content\/uploads\/2022\/01\/271389288_1088084852013188_4417948841018769090_n-676x961.jpg 676w, https:\/\/noored.elva.ee\/wp-content\/uploads\/2022\/01\/271389288_1088084852013188_4417948841018769090_n.jpg 1417w\" sizes=\"auto, (max-width: 720px) 100vw, 720px\" \/><\/figure>\n\n\n\n<figure class=\"wp-block-image size-large\"><img loading=\"lazy\" decoding=\"async\" width=\"724\" height=\"1024\" src=\"https:\/\/noored.elva.ee\/wp-content\/uploads\/2022\/01\/271333891_4983584008321131_6336969210931054719_n-724x1024.jpg\" alt=\"\" class=\"wp-image-1293\" srcset=\"https:\/\/noored.elva.ee\/wp-content\/uploads\/2022\/01\/271333891_4983584008321131_6336969210931054719_n-724x1024.jpg 724w, https:\/\/noored.elva.ee\/wp-content\/uploads\/2022\/01\/271333891_4983584008321131_6336969210931054719_n-212x300.jpg 212w, https:\/\/noored.elva.ee\/wp-content\/uploads\/2022\/01\/271333891_4983584008321131_6336969210931054719_n-768x1086.jpg 768w, https:\/\/noored.elva.ee\/wp-content\/uploads\/2022\/01\/271333891_4983584008321131_6336969210931054719_n-1086x1536.jpg 1086w, https:\/\/noored.elva.ee\/wp-content\/uploads\/2022\/01\/271333891_4983584008321131_6336969210931054719_n-676x956.jpg 676w, https:\/\/noored.elva.ee\/wp-content\/uploads\/2022\/01\/271333891_4983584008321131_6336969210931054719_n.jpg 1389w\" sizes=\"auto, (max-width: 724px) 100vw, 724px\" \/><\/figure>\n\n\n\n<p>Oleme avatud esmasp\u00e4evast reedeni12.00-18.00.<\/p>\n\n\n\n<p>Aadress: Pikk tn 8, 61505 , Elva<\/p>\n\n\n\n<p>Noorsoot\u00f6\u00f6tajad: Riin Pross  ja Dagmary Kuslap<\/p>\n\n\n\n<p>E-post:&nbsp;<a href=\"mailto:noortekeskus@elva.ee\">noortekeskus@elva.ee<\/a><\/p>\n\n\n\n<p>Leia meid <a href=\"https:\/\/www.facebook.com\/ElvaANK\/?ref=br_rs\">Facebookist<\/a><br>Leia meid <a href=\"https:\/\/www.instagram.com\/elva_noortekeskus\/\">Instagramist<\/a><\/p>\n","protected":false},"excerpt":{"rendered":"<p>Tegemised noortekeskuses: Oleme avatud esmasp\u00e4evast reedeni12.00-18.00. Aadress: Pikk tn 8, 61505 , Elva Noorsoot\u00f6\u00f6tajad: Riin Pross ja Dagmary Kuslap E-post:&nbsp;noortekeskus@elva.ee Leia meid FacebookistLeia meid Instagramist<\/p>\n","protected":false},"author":4,"featured_media":0,"parent":79,"menu_order":0,"comment_status":"closed","ping_status":"closed","template":"","meta":{"footnotes":""},"class_list":["post-27","page","type-page","status-publish","hentry","post-preview"],"_links":{"self":[{"href":"https:\/\/noored.elva.ee\/index.php?rest_route=\/wp\/v2\/pages\/27","targetHints":{"allow":["GET"]}}],"collection":[{"href":"https:\/\/noored.elva.ee\/index.php?rest_route=\/wp\/v2\/pages"}],"about":[{"href":"https:\/\/noored.elva.ee\/index.php?rest_route=\/wp\/v2\/types\/page"}],"author":[{"embeddable":true,"href":"https:\/\/noored.elva.ee\/index.php?rest_route=\/wp\/v2\/users\/4"}],"replies":[{"embeddable":true,"href":"https:\/\/noored.elva.ee\/index.php?rest_route=%2Fwp%2Fv2%2Fcomments&post=27"}],"version-history":[{"count":62,"href":"https:\/\/noored.elva.ee\/index.php?rest_route=\/wp\/v2\/pages\/27\/revisions"}],"predecessor-version":[{"id":1393,"href":"https:\/\/noored.elva.ee\/index.php?rest_route=\/wp\/v2\/pages\/27\/revisions\/1393"}],"up":[{"embeddable":true,"href":"https:\/\/noored.elva.ee\/index.php?rest_route=\/wp\/v2\/pages\/79"}],"wp:attachment":[{"href":"https:\/\/noored.elva.ee\/index.php?rest_route=%2Fwp%2Fv2%2Fmedia&parent=27"}],"curies":[{"name":"wp","href":"https:\/\/api.w.org\/{rel}","templated":true}]}}