{"id":33,"date":"2020-02-25T13:27:11","date_gmt":"2020-02-25T13:27:11","guid":{"rendered":"https:\/\/noored.elva.ee\/?page_id=33"},"modified":"2022-11-28T20:09:05","modified_gmt":"2022-11-28T18:09:05","slug":"rongu-avatud-noortekeskus","status":"publish","type":"page","link":"https:\/\/noored.elva.ee\/?page_id=33","title":{"rendered":"Avatud R\u00f5ngu Noortekeskus"},"content":{"rendered":"\n<p>Oleme avatud:<br>E-N 12.00-17.00<\/p>\n\n\n\n<p>Aadress: Valga mnt 12, 61001, R\u00f5ngu <\/p>\n\n\n\n<p>Noorsoot\u00f6\u00f6taja: Kristjan Moorast<\/p>\n\n\n\n<p>e-post: <a href=\"mailto:kristjaniloodus@gmail.com\">kristjan.moorast@rongurahvamaja.ee<\/a><\/p>\n\n\n\n<p>Leia meid <a href=\"https:\/\/www.facebook.com\/Avatud-R%C3%B5ngu-Noortekeskus-1634044610174168\/\">Facebookis<\/a><\/p>\n","protected":false},"excerpt":{"rendered":"<p>Oleme avatud:E-N 12.00-17.00 Aadress: Valga mnt 12, 61001, R\u00f5ngu Noorsoot\u00f6\u00f6taja: Kristjan Moorast e-post: kristjan.moorast@rongurahvamaja.ee Leia meid Facebookis<\/p>\n","protected":false},"author":4,"featured_media":0,"parent":79,"menu_order":0,"comment_status":"closed","ping_status":"closed","template":"","meta":{"footnotes":""},"class_list":["post-33","page","type-page","status-publish","hentry","post-preview"],"_links":{"self":[{"href":"https:\/\/noored.elva.ee\/index.php?rest_route=\/wp\/v2\/pages\/33","targetHints":{"allow":["GET"]}}],"collection":[{"href":"https:\/\/noored.elva.ee\/index.php?rest_route=\/wp\/v2\/pages"}],"about":[{"href":"https:\/\/noored.elva.ee\/index.php?rest_route=\/wp\/v2\/types\/page"}],"author":[{"embeddable":true,"href":"https:\/\/noored.elva.ee\/index.php?rest_route=\/wp\/v2\/users\/4"}],"replies":[{"embeddable":true,"href":"https:\/\/noored.elva.ee\/index.php?rest_route=%2Fwp%2Fv2%2Fcomments&post=33"}],"version-history":[{"count":12,"href":"https:\/\/noored.elva.ee\/index.php?rest_route=\/wp\/v2\/pages\/33\/revisions"}],"predecessor-version":[{"id":1414,"href":"https:\/\/noored.elva.ee\/index.php?rest_route=\/wp\/v2\/pages\/33\/revisions\/1414"}],"up":[{"embeddable":true,"href":"https:\/\/noored.elva.ee\/index.php?rest_route=\/wp\/v2\/pages\/79"}],"wp:attachment":[{"href":"https:\/\/noored.elva.ee\/index.php?rest_route=%2Fwp%2Fv2%2Fmedia&parent=33"}],"curies":[{"name":"wp","href":"https:\/\/api.w.org\/{rel}","templated":true}]}}