{"id":37,"date":"2020-02-25T13:28:07","date_gmt":"2020-02-25T13:28:07","guid":{"rendered":"https:\/\/noored.elva.ee\/?page_id=37"},"modified":"2022-08-16T09:40:33","modified_gmt":"2022-08-16T06:40:33","slug":"puhja-noortekeskus","status":"publish","type":"page","link":"https:\/\/noored.elva.ee\/?page_id=37","title":{"rendered":"Puhja Noortekeskus"},"content":{"rendered":"\n<p>Aadress: Viljandi tee 28\/2, Puhja alevik\u00a0<\/p>\n\n\n\n<p>Noorsoot\u00f6\u00f6taja: Janno Reinom\u00e4gi<\/p>\n\n\n\n<p>e-post: janno.reinomagi@puhja.edu.ee <\/p>\n\n\n\n<p>Leia meid <a href=\"https:\/\/www.facebook.com\/Puhja-Noortekeskus-628379707279778\/\">Facebookis<\/a><\/p>\n\n\n\n<p><\/p>\n","protected":false},"excerpt":{"rendered":"<p>Aadress: Viljandi tee 28\/2, Puhja alevik\u00a0 Noorsoot\u00f6\u00f6taja: Janno Reinom\u00e4gi e-post: janno.reinomagi@puhja.edu.ee Leia meid Facebookis<\/p>\n","protected":false},"author":4,"featured_media":0,"parent":79,"menu_order":0,"comment_status":"closed","ping_status":"closed","template":"","meta":{"footnotes":""},"class_list":["post-37","page","type-page","status-publish","hentry","post-preview"],"_links":{"self":[{"href":"https:\/\/noored.elva.ee\/index.php?rest_route=\/wp\/v2\/pages\/37","targetHints":{"allow":["GET"]}}],"collection":[{"href":"https:\/\/noored.elva.ee\/index.php?rest_route=\/wp\/v2\/pages"}],"about":[{"href":"https:\/\/noored.elva.ee\/index.php?rest_route=\/wp\/v2\/types\/page"}],"author":[{"embeddable":true,"href":"https:\/\/noored.elva.ee\/index.php?rest_route=\/wp\/v2\/users\/4"}],"replies":[{"embeddable":true,"href":"https:\/\/noored.elva.ee\/index.php?rest_route=%2Fwp%2Fv2%2Fcomments&post=37"}],"version-history":[{"count":14,"href":"https:\/\/noored.elva.ee\/index.php?rest_route=\/wp\/v2\/pages\/37\/revisions"}],"predecessor-version":[{"id":1401,"href":"https:\/\/noored.elva.ee\/index.php?rest_route=\/wp\/v2\/pages\/37\/revisions\/1401"}],"up":[{"embeddable":true,"href":"https:\/\/noored.elva.ee\/index.php?rest_route=\/wp\/v2\/pages\/79"}],"wp:attachment":[{"href":"https:\/\/noored.elva.ee\/index.php?rest_route=%2Fwp%2Fv2%2Fmedia&parent=37"}],"curies":[{"name":"wp","href":"https:\/\/api.w.org\/{rel}","templated":true}]}}