{"id":39,"date":"2020-02-25T13:28:31","date_gmt":"2020-02-25T13:28:31","guid":{"rendered":"https:\/\/noored.elva.ee\/?page_id=39"},"modified":"2022-02-25T18:51:09","modified_gmt":"2022-02-25T16:51:09","slug":"noo-noortekeskus","status":"publish","type":"page","link":"https:\/\/noored.elva.ee\/?page_id=39","title":{"rendered":"N\u00f5o Noortekeskus"},"content":{"rendered":"\n<p><\/p>\n\n\n\n<figure class=\"wp-block-image size-large\"><img loading=\"lazy\" decoding=\"async\" width=\"1024\" height=\"1024\" src=\"https:\/\/noored.elva.ee\/wp-content\/uploads\/2022\/02\/274550217_1598535357180523_4129147931687145761_n-1024x1024.png\" alt=\"\" class=\"wp-image-1334\" srcset=\"https:\/\/noored.elva.ee\/wp-content\/uploads\/2022\/02\/274550217_1598535357180523_4129147931687145761_n-1024x1024.png 1024w, https:\/\/noored.elva.ee\/wp-content\/uploads\/2022\/02\/274550217_1598535357180523_4129147931687145761_n-300x300.png 300w, https:\/\/noored.elva.ee\/wp-content\/uploads\/2022\/02\/274550217_1598535357180523_4129147931687145761_n-150x150.png 150w, https:\/\/noored.elva.ee\/wp-content\/uploads\/2022\/02\/274550217_1598535357180523_4129147931687145761_n-768x768.png 768w, https:\/\/noored.elva.ee\/wp-content\/uploads\/2022\/02\/274550217_1598535357180523_4129147931687145761_n-676x676.png 676w, https:\/\/noored.elva.ee\/wp-content\/uploads\/2022\/02\/274550217_1598535357180523_4129147931687145761_n.png 1080w\" sizes=\"auto, (max-width: 1024px) 100vw, 1024px\" \/><\/figure>\n\n\n\n<p>T\u00e4psema tegevuse kohta leiad infot meie sotsiaalmeedia kanalites ja kodulehel: <\/p>\n\n\n\n<p><a href=\"https:\/\/www.facebook.com\/N6onoortekas\/\">Facebook<\/a><\/p>\n\n\n\n<p><a href=\"https:\/\/www.instagram.com\/n6onoor\/\">Instagram<\/a><\/p>\n\n\n\n<p><a href=\"http:\/\/www.n6onoortekas.wordpress.com\">www.n6onoortekas.wordpress.com <\/a><\/p>\n\n\n\n<p>Aadress: Voika 2, 61601, N\u00f5o<\/p>\n\n\n\n<p>Noorsoot\u00f6\u00f6tajad: <\/p>\n\n\n\n<p>Birgit Haan 5019605, birgit@nvv.ee <\/p>\n\n\n\n<p>Hanna-Liisa Tamm 58865333, hannaliisa@nvv.ee <\/p>\n\n\n\n<p>\u00dcldmeil: noortekeskus@nvv.ee<\/p>\n\n\n\n<p><br><\/p>\n","protected":false},"excerpt":{"rendered":"<p>T\u00e4psema tegevuse kohta leiad infot meie sotsiaalmeedia kanalites ja kodulehel: Facebook Instagram www.n6onoortekas.wordpress.com Aadress: Voika 2, 61601, N\u00f5o Noorsoot\u00f6\u00f6tajad: Birgit Haan 5019605, birgit@nvv.ee Hanna-Liisa Tamm 58865333, hannaliisa@nvv.ee \u00dcldmeil: noortekeskus@nvv.ee<\/p>\n","protected":false},"author":4,"featured_media":0,"parent":79,"menu_order":4,"comment_status":"closed","ping_status":"closed","template":"","meta":{"footnotes":""},"class_list":["post-39","page","type-page","status-publish","hentry","post-preview"],"_links":{"self":[{"href":"https:\/\/noored.elva.ee\/index.php?rest_route=\/wp\/v2\/pages\/39","targetHints":{"allow":["GET"]}}],"collection":[{"href":"https:\/\/noored.elva.ee\/index.php?rest_route=\/wp\/v2\/pages"}],"about":[{"href":"https:\/\/noored.elva.ee\/index.php?rest_route=\/wp\/v2\/types\/page"}],"author":[{"embeddable":true,"href":"https:\/\/noored.elva.ee\/index.php?rest_route=\/wp\/v2\/users\/4"}],"replies":[{"embeddable":true,"href":"https:\/\/noored.elva.ee\/index.php?rest_route=%2Fwp%2Fv2%2Fcomments&post=39"}],"version-history":[{"count":14,"href":"https:\/\/noored.elva.ee\/index.php?rest_route=\/wp\/v2\/pages\/39\/revisions"}],"predecessor-version":[{"id":1335,"href":"https:\/\/noored.elva.ee\/index.php?rest_route=\/wp\/v2\/pages\/39\/revisions\/1335"}],"up":[{"embeddable":true,"href":"https:\/\/noored.elva.ee\/index.php?rest_route=\/wp\/v2\/pages\/79"}],"wp:attachment":[{"href":"https:\/\/noored.elva.ee\/index.php?rest_route=%2Fwp%2Fv2%2Fmedia&parent=39"}],"curies":[{"name":"wp","href":"https:\/\/api.w.org\/{rel}","templated":true}]}}