{"id":719,"date":"2020-11-04T22:06:38","date_gmt":"2020-11-04T20:06:38","guid":{"rendered":"https:\/\/noored.elva.ee\/?page_id=719"},"modified":"2020-11-30T20:09:59","modified_gmt":"2020-11-30T18:09:59","slug":"blogi","status":"publish","type":"page","link":"https:\/\/noored.elva.ee\/?page_id=719","title":{"rendered":"Blogi"},"content":{"rendered":"\n<p style=\"font-size:30px\"><strong>Emili Mirtel Markov: Tantsimine ei ole hobi vaid elustiil <\/strong><\/p>\n\n\n\n<div class=\"wp-block-image\"><figure class=\"alignleft size-large is-resized\"><img loading=\"lazy\" decoding=\"async\" src=\"https:\/\/noored.elva.ee\/wp-content\/uploads\/2020\/11\/IMG_3100.jpg\" alt=\"\" class=\"wp-image-768\" width=\"258\" height=\"301\" srcset=\"https:\/\/noored.elva.ee\/wp-content\/uploads\/2020\/11\/IMG_3100.jpg 728w, https:\/\/noored.elva.ee\/wp-content\/uploads\/2020\/11\/IMG_3100-257x300.jpg 257w, https:\/\/noored.elva.ee\/wp-content\/uploads\/2020\/11\/IMG_3100-676x790.jpg 676w\" sizes=\"auto, (max-width: 258px) 100vw, 258px\" \/><figcaption>Emili Mirel Markov (erakogu)<\/figcaption><\/figure><\/div>\n\n\n\n<p>Olen Emili Mirtel Markov, 12 aastane ja tegelen tantsimisega. Olen tantsimisega tegelenud viis aastat RN Stuudios Elvas. Sattusin tantsutrenni l\u00e4bi s\u00f5prade, kuna k\u00e4isin oma hea s\u00f5bra tantsutrenni pidevalt vaatamas ja otsustasin, et tahan ka tantsima minna. Kohe esimesel aastal hakkasin ka v\u00f5istlustel oma grupiga k\u00e4ima ja aasta peale seda hakkasin tegema soolot, kus tantsin laval \u00fcksi. Tantsin praegu hip-hopi, streeti, show\u2019d ja l\u00fc\u00fcrilist tantsu, aga olen l\u00e4bi erinevate tantsu t\u00f6\u00f6tubade ja laagrite \u00f5ppinud veel erinevaid tantsustiile. Need on n\u00e4iteks contemporary jazz, broadway jazz, diskotants, house, urban funk ja kaasaegne tants. Tegelen praegu tantsimisega viis korda n\u00e4dalas. Peale tantsimise tegelen veel tennisega, vabatahtliku t\u00f6\u00f6ga ja re\u017eiiringiga, kus \u00f5pin looma muusikat ja podcasti tegemist. Lisaks nendele olen Elva g\u00fcmnaasiumi \u00f5pilasaktiivis T.A.H.E ning Elva valla noortevolikogu toetajaliige. T\u00e4nan v\u00e4ga Merit T\u00e4hte, Mari-Liis Kurvitsat ja Christopher Meierit, et olete mind \u00f5petanud juba viis aastat.<\/p>\n\n\n\n<p>Kui tahad mu tegemisi j\u00e4lgida v\u00f5i teada saada midagi tantsimise kohta kirjuta mulle instagrami: @emilimirtelm v\u00f5i FB: Emili Mirtel Markov<\/p>\n\n\n\n<p><\/p>\n\n\n\n<p><\/p>\n\n\n\n<p style=\"font-size:30px\"><strong>Annika Roodla: k\u00f5hutants loob kogemused koguks eluks<\/strong><\/p>\n\n\n\n<div class=\"wp-block-image\"><figure class=\"alignleft size-large is-resized\"><img loading=\"lazy\" decoding=\"async\" src=\"https:\/\/noored.elva.ee\/wp-content\/uploads\/2020\/11\/DSC_0214-684x1024.jpg\" alt=\"\" class=\"wp-image-753\" width=\"173\" height=\"260\" srcset=\"https:\/\/noored.elva.ee\/wp-content\/uploads\/2020\/11\/DSC_0214-684x1024.jpg 684w, https:\/\/noored.elva.ee\/wp-content\/uploads\/2020\/11\/DSC_0214-200x300.jpg 200w, https:\/\/noored.elva.ee\/wp-content\/uploads\/2020\/11\/DSC_0214-768x1150.jpg 768w, https:\/\/noored.elva.ee\/wp-content\/uploads\/2020\/11\/DSC_0214-1025x1536.jpg 1025w, https:\/\/noored.elva.ee\/wp-content\/uploads\/2020\/11\/DSC_0214-1367x2048.jpg 1367w, https:\/\/noored.elva.ee\/wp-content\/uploads\/2020\/11\/DSC_0214-676x1013.jpg 676w, https:\/\/noored.elva.ee\/wp-content\/uploads\/2020\/11\/DSC_0214-scaled.jpg 1709w\" sizes=\"auto, (max-width: 173px) 100vw, 173px\" \/><figcaption>Adira S\u00fcgiskontsert <br>(foto: C\u00e4rol Tutk)<\/figcaption><\/figure><\/div>\n\n\n\n<p class=\"has-drop-cap\">Minu nimi on Annika Roodla esinejanimega Adira, olen 18-aastane ning k\u00f5hutantsuga tegelenud 11-aastat. Alustasin siis kui olin alles lasteaias. K\u00e4isin 10 aastat Hellenurme k\u00f5hutantsugrupis Marbella ning aasta tagasi alustasin soolokarj\u00e4\u00e4riga, seda t\u00e4histasin enda p\u00e4ris esimese korraldatud kontserdiga, Adira S\u00fcgiskontsert, mis toimus R\u00f5ngu rahvamajas 14.septembril 2019. Ka sellel aastal toimus kontsert, 10.oktoobril! Sealjuures suured t\u00e4nud R\u00f5ngu rahvamaja tiimile! \ud83d\ude42 Olen n\u00fc\u00fcd kolmandat aastat j\u00e4rjest k\u00e4inud Tallinnas ja v\u00f5tnud osa erinevatest k\u00f5hutantsukursustest, v\u00f5tnud Tartus eratrenne ning k\u00e4inud Kuressaares kursustel. Esinemas olen k\u00e4inud Tallinnas, Kuressaares, Tartus ja v\u00e4iksemates kohtades. K\u00f5hutants on v\u00e4ga suur osa minust ja sellep\u00e4rast soovin varsti hakata ka regulaarseid trenne l\u00e4bi viima, kui huvilisi loomulikult on \ud83d\ude42<\/p>\n\n\n\n<p>Kui soovid n\u00e4ha minu tegemisi v\u00f5i tekkis Sul huvi k\u00f5hutantsu vastu ja soovid k\u00fcsida, siis saad minuga \u00fchendust FB-lehelt Adira&nbsp; v\u00f5i Annika Roodla ja INSTAGRAMI-lehelt adirabellydancer. Samuti olen avatud k\u00f5igile esinemistele \ud83d\ude42 <\/p>\n\n\n\n<p><\/p>\n\n\n\n<p><\/p>\n\n\n\n<p style=\"font-size:30px\"><strong>Katariina Viira: vabatahtlik t\u00f6\u00f6 on lahe!<\/strong><\/p>\n\n\n\n<div class=\"wp-block-image\"><figure class=\"alignleft size-large is-resized\"><img loading=\"lazy\" decoding=\"async\" src=\"https:\/\/noored.elva.ee\/wp-content\/uploads\/2020\/11\/123690339_685652578724222_6442988934798063_n-edited.jpg\" alt=\"\" class=\"wp-image-726\" width=\"193\" height=\"290\" srcset=\"https:\/\/noored.elva.ee\/wp-content\/uploads\/2020\/11\/123690339_685652578724222_6442988934798063_n-edited.jpg 416w, https:\/\/noored.elva.ee\/wp-content\/uploads\/2020\/11\/123690339_685652578724222_6442988934798063_n-edited-200x300.jpg 200w\" sizes=\"auto, (max-width: 193px) 100vw, 193px\" \/><figcaption>Katariina Viira (erakogu)<\/figcaption><\/figure><\/div>\n\n\n\n<p class=\"has-drop-cap\">Olen Katariina Viira 12 aastane ning vabatahtliku t\u00f6\u00f6d teinud kusagil 2 aastat. Seda alustasin juba 6-7 aastaselt siis k\u00e4isin juba Tartu Maratonidel abis ja sellest peale on mulle meeldinud v\u00e4ga teha vabatahtlikuna t\u00f6\u00f6d. Vabatahtliku t\u00f6\u00f6d ei tee ma raha eesm\u00e4rgil-vaid kogemuste jaoks, sest kui sul endal on olemas palju kogemusi on sul, minu arvates, lihtsam leida tulevikus t\u00f6\u00f6d, mis sulle p\u00e4riselt meeldib. V\u00f5ib tekkida k\u00fcsimus, et kas tegelen kooli k\u00f5rvalt veel ka m\u00f5ne huviringiga? Vastus on kindel EI! Olen hetkel elus sellises etapis, kus huviringis k\u00e4imise asemel tegelengi vabatahtliku t\u00f6\u00f6ga. K\u00f5ige rohkem olen vabatahtlikuna abis R\u00f5ngu Rahvamajas ja aitan ka jooksvalt Elva valla noortevolikogu erinevatel \u00fcritustel. Sooviksin t\u00e4nada selle-eest R\u00f5ngu Rahvamajast Mari-Liis Vanaisak\u00b4ut ja noortevolikogust Andero Ojamets\u00b4a .<\/p>\n\n\n\n<p>Teen seda, mis mulle meeldib ja sellep\u00e4rast olengi see mina \ud83d\ude42 <\/p>\n\n\n\n<p>Kui Sul tekkis vabatahtlikuks olemisega k\u00fcsimusi v\u00f5i soovid isegi vabatahtlikuks hakata siis kirjuta mulle FB: Katariina Viira v\u00f5i INSTAGRAM: @katariinaviira <\/p>\n","protected":false},"excerpt":{"rendered":"<p>Emili Mirtel Markov: Tantsimine ei ole hobi vaid elustiil Olen Emili Mirtel Markov, 12 aastane ja tegelen tantsimisega. Olen tantsimisega tegelenud viis aastat RN Stuudios Elvas. Sattusin tantsutrenni l\u00e4bi s\u00f5prade, kuna k\u00e4isin oma hea s\u00f5bra tantsutrenni pidevalt vaatamas ja otsustasin, et tahan ka tantsima minna. Kohe esimesel aastal hakkasin ka v\u00f5istlustel oma grupiga k\u00e4ima ja [&hellip;]<\/p>\n","protected":false},"author":4,"featured_media":0,"parent":0,"menu_order":0,"comment_status":"closed","ping_status":"closed","template":"","meta":{"footnotes":""},"class_list":["post-719","page","type-page","status-publish","hentry","post-preview"],"_links":{"self":[{"href":"https:\/\/noored.elva.ee\/index.php?rest_route=\/wp\/v2\/pages\/719","targetHints":{"allow":["GET"]}}],"collection":[{"href":"https:\/\/noored.elva.ee\/index.php?rest_route=\/wp\/v2\/pages"}],"about":[{"href":"https:\/\/noored.elva.ee\/index.php?rest_route=\/wp\/v2\/types\/page"}],"author":[{"embeddable":true,"href":"https:\/\/noored.elva.ee\/index.php?rest_route=\/wp\/v2\/users\/4"}],"replies":[{"embeddable":true,"href":"https:\/\/noored.elva.ee\/index.php?rest_route=%2Fwp%2Fv2%2Fcomments&post=719"}],"version-history":[{"count":14,"href":"https:\/\/noored.elva.ee\/index.php?rest_route=\/wp\/v2\/pages\/719\/revisions"}],"predecessor-version":[{"id":769,"href":"https:\/\/noored.elva.ee\/index.php?rest_route=\/wp\/v2\/pages\/719\/revisions\/769"}],"wp:attachment":[{"href":"https:\/\/noored.elva.ee\/index.php?rest_route=%2Fwp%2Fv2%2Fmedia&parent=719"}],"curies":[{"name":"wp","href":"https:\/\/api.w.org\/{rel}","templated":true}]}}