{"id":86,"date":"2020-04-17T10:14:03","date_gmt":"2020-04-17T10:14:03","guid":{"rendered":"https:\/\/noored.elva.ee\/?page_id=86"},"modified":"2022-08-30T16:50:56","modified_gmt":"2022-08-30T13:50:56","slug":"kaimasolevad-projektid","status":"publish","type":"page","link":"https:\/\/noored.elva.ee\/?page_id=86","title":{"rendered":"K\u00e4imasolevad projektid"},"content":{"rendered":"\n<p><\/p>\n\n\n\n<p class=\"has-larger-font-size\">L\u00e4biviidud projektid<\/p>\n\n\n\n<p>Elva valla noortevolikogu:<\/p>\n\n\n\n<p><a href=\"https:\/\/www.facebook.com\/events\/308239623808526\/\" data-type=\"URL\" data-id=\"https:\/\/www.facebook.com\/events\/308239623808526\/\">Nopi \u00dcles!: Elva valla noorte kohvikutep\u00e4ev<\/a><\/p>\n\n\n\n<p><a href=\"https:\/\/noortekonverents.elva.ee\/\" data-type=\"URL\" data-id=\"https:\/\/noortekonverents.elva.ee\/\">Elva valla noortekonverents #Kriis<\/a><\/p>\n\n\n\n<p>Elva Avatud Noortekeskus:<\/p>\n\n\n\n<p><a rel=\"noreferrer noopener\" href=\"https:\/\/huvikeskus.elva.ee\/ideeviit-paneme-noortele-aru-pahe\/\" target=\"_blank\">Ideeviit: Paneme noortele aru p\u00e4he<\/a><\/p>\n\n\n\n<p><a href=\"https:\/\/huvikeskus.elva.ee\/avatud-noorsootoo-toetusvoor-2020\/\">AVATUD NOORSOOT\u00d6\u00d6 TOETUSVOOR 2020<\/a><\/p>\n\n\n\n<p><a href=\"https:\/\/huvikeskus.elva.ee\/elva-valla-noortemalev-2020\/\">ELVA VALLA NOORTEMALEV 2020<\/a><\/p>\n","protected":false},"excerpt":{"rendered":"<p>L\u00e4biviidud projektid Elva valla noortevolikogu: Nopi \u00dcles!: Elva valla noorte kohvikutep\u00e4ev Elva valla noortekonverents #Kriis Elva Avatud Noortekeskus: Ideeviit: Paneme noortele aru p\u00e4he AVATUD NOORSOOT\u00d6\u00d6 TOETUSVOOR 2020 ELVA VALLA NOORTEMALEV 2020<\/p>\n","protected":false},"author":4,"featured_media":0,"parent":0,"menu_order":0,"comment_status":"closed","ping_status":"closed","template":"","meta":{"footnotes":""},"class_list":["post-86","page","type-page","status-publish","hentry","post-preview"],"_links":{"self":[{"href":"https:\/\/noored.elva.ee\/index.php?rest_route=\/wp\/v2\/pages\/86","targetHints":{"allow":["GET"]}}],"collection":[{"href":"https:\/\/noored.elva.ee\/index.php?rest_route=\/wp\/v2\/pages"}],"about":[{"href":"https:\/\/noored.elva.ee\/index.php?rest_route=\/wp\/v2\/types\/page"}],"author":[{"embeddable":true,"href":"https:\/\/noored.elva.ee\/index.php?rest_route=\/wp\/v2\/users\/4"}],"replies":[{"embeddable":true,"href":"https:\/\/noored.elva.ee\/index.php?rest_route=%2Fwp%2Fv2%2Fcomments&post=86"}],"version-history":[{"count":13,"href":"https:\/\/noored.elva.ee\/index.php?rest_route=\/wp\/v2\/pages\/86\/revisions"}],"predecessor-version":[{"id":1404,"href":"https:\/\/noored.elva.ee\/index.php?rest_route=\/wp\/v2\/pages\/86\/revisions\/1404"}],"wp:attachment":[{"href":"https:\/\/noored.elva.ee\/index.php?rest_route=%2Fwp%2Fv2%2Fmedia&parent=86"}],"curies":[{"name":"wp","href":"https:\/\/api.w.org\/{rel}","templated":true}]}}